{"id":3166,"date":"2020-06-25T17:59:51","date_gmt":"2020-06-25T16:59:51","guid":{"rendered":"https:\/\/nirarte.com\/es\/?page_id=3166"},"modified":"2024-06-22T17:16:20","modified_gmt":"2024-06-22T16:16:20","slug":"proyectos-2","status":"publish","type":"page","link":"https:\/\/nirarte.com\/es\/proyectos-2\/","title":{"rendered":"PROYECTOS"},"content":{"rendered":"\n<h2 class=\"wp-block-heading\">El proyecto MiraTE<\/h2>\n\n\n\n<p><\/p>\n\n\n<div class=\"wp-block-image\">\n<figure class=\"aligncenter size-large\"><img decoding=\"async\" loading=\"lazy\" width=\"1024\" height=\"407\" src=\"https:\/\/nirarte.com\/wp-content\/uploads\/2020\/06\/Soy-un-espejo-\u2013-mirame-1024x407.jpg\" alt=\"\" class=\"wp-image-3196\" srcset=\"https:\/\/nirarte.com\/wp-content\/uploads\/2020\/06\/Soy-un-espejo-\u2013-mirame-1024x407.jpg 1024w, https:\/\/nirarte.com\/wp-content\/uploads\/2020\/06\/Soy-un-espejo-\u2013-mirame-300x119.jpg 300w, https:\/\/nirarte.com\/wp-content\/uploads\/2020\/06\/Soy-un-espejo-\u2013-mirame-768x305.jpg 768w, https:\/\/nirarte.com\/wp-content\/uploads\/2020\/06\/Soy-un-espejo-\u2013-mirame-1536x611.jpg 1536w, https:\/\/nirarte.com\/wp-content\/uploads\/2020\/06\/Soy-un-espejo-\u2013-mirame-600x239.jpg 600w, https:\/\/nirarte.com\/wp-content\/uploads\/2020\/06\/Soy-un-espejo-\u2013-mirame.jpg 1854w\" sizes=\"(max-width: 1024px) 100vw, 1024px\" \/><figcaption class=\"wp-element-caption\">Soy un espejo \u2013 mirame<\/figcaption><\/figure><\/div>\n\n\n<p>En este proyecto creativo quiero devolver la mirada a nuestro interior, a la realidad interna. Nos perdemos del camino en miles de cosas, nuestros ojos siempre van hacia fuera. Pero puede que haya algo de luz en nuestra profundidad. Y puede ser que si lo encontramos, muchos \u201cproblemas\u201d que hemos creado en nuestro mente se resolver\u00e1n como la niebla se disuelve ante el sol.<\/p>\n\n\n\n<p>Este proyecto intenta hablar sobre la introspecci\u00f3n y del miedo a mirar adentro.<br>En nuestro interior reside un ser perfecto, lleno de paz y satisfacci\u00f3n y sabe muy bien de igualdad. Ante esta realidad, sabemos taparnos los ojos y como resultado tenemos todos nuestros problemas modernos \u2013 como: la falta de igualdad, violencia, racismo, avaricia, descontrol social.<\/p>\n\n\n\n<p>Y a veces hay que pararse ante este espejo interno.<\/p>\n\n\n\n<figure class=\"wp-block-image size-large\"><img decoding=\"async\" loading=\"lazy\" width=\"1024\" height=\"407\" src=\"https:\/\/nirarte.com\/wp-content\/uploads\/2020\/06\/MIRATE-1024x407.jpg\" alt=\"\" class=\"wp-image-3197\" srcset=\"https:\/\/nirarte.com\/wp-content\/uploads\/2020\/06\/MIRATE-1024x407.jpg 1024w, https:\/\/nirarte.com\/wp-content\/uploads\/2020\/06\/MIRATE-300x119.jpg 300w, https:\/\/nirarte.com\/wp-content\/uploads\/2020\/06\/MIRATE-768x305.jpg 768w, https:\/\/nirarte.com\/wp-content\/uploads\/2020\/06\/MIRATE-1536x611.jpg 1536w, https:\/\/nirarte.com\/wp-content\/uploads\/2020\/06\/MIRATE-600x239.jpg 600w, https:\/\/nirarte.com\/wp-content\/uploads\/2020\/06\/MIRATE.jpg 1854w\" sizes=\"(max-width: 1024px) 100vw, 1024px\" \/><\/figure>\n\n\n\n<p>El proyecto consta de una serie de las obras. La obra principal es un conjunto de capas, una imagen reunida de diversas personalidades, juntados en uno. Esta imagen siempre puede ser complementada por la reflexi\u00f3n del espectador y cambia seg\u00fan del \u00e1ngulo de visi\u00f3n.<\/p>\n\n\n\n<figure class=\"wp-block-image size-large\"><img decoding=\"async\" loading=\"lazy\" width=\"1024\" height=\"407\" src=\"https:\/\/nirarte.com\/wp-content\/uploads\/2020\/06\/en-la-cara-de-cualquiera-podr\u00eda-yo-abrir-mis-ojos...-1024x407.jpg\" alt=\"\" class=\"wp-image-3198\" srcset=\"https:\/\/nirarte.com\/wp-content\/uploads\/2020\/06\/en-la-cara-de-cualquiera-podr\u00eda-yo-abrir-mis-ojos...-1024x407.jpg 1024w, https:\/\/nirarte.com\/wp-content\/uploads\/2020\/06\/en-la-cara-de-cualquiera-podr\u00eda-yo-abrir-mis-ojos...-300x119.jpg 300w, https:\/\/nirarte.com\/wp-content\/uploads\/2020\/06\/en-la-cara-de-cualquiera-podr\u00eda-yo-abrir-mis-ojos...-768x305.jpg 768w, https:\/\/nirarte.com\/wp-content\/uploads\/2020\/06\/en-la-cara-de-cualquiera-podr\u00eda-yo-abrir-mis-ojos...-1536x611.jpg 1536w, https:\/\/nirarte.com\/wp-content\/uploads\/2020\/06\/en-la-cara-de-cualquiera-podr\u00eda-yo-abrir-mis-ojos...-600x239.jpg 600w, https:\/\/nirarte.com\/wp-content\/uploads\/2020\/06\/en-la-cara-de-cualquiera-podr\u00eda-yo-abrir-mis-ojos....jpg 1854w\" sizes=\"(max-width: 1024px) 100vw, 1024px\" \/><\/figure>\n","protected":false},"excerpt":{"rendered":"<p>El proyecto MiraTE En este proyecto creativo quiero devolver la mirada a nuestro interior, a la realidad interna. Nos perdemos del camino en miles de cosas, nuestros ojos siempre van hacia fuera. Pero puede que haya algo de luz en nuestra profundidad. Y puede ser que si lo encontramos, muchos \u201cproblemas\u201d que hemos creado en<\/p>\n<div class=\"more-link\">\n\t\t\t\t <a href=\"https:\/\/nirarte.com\/es\/proyectos-2\/\" class=\"theme-btn theme-btn-line hvr-bounce-to-right\">Read more<\/a>\n\t\t\t<\/div>\n","protected":false},"author":1,"featured_media":0,"parent":0,"menu_order":0,"comment_status":"closed","ping_status":"closed","template":"","meta":{"ngg_post_thumbnail":0},"_links":{"self":[{"href":"https:\/\/nirarte.com\/es\/wp-json\/wp\/v2\/pages\/3166"}],"collection":[{"href":"https:\/\/nirarte.com\/es\/wp-json\/wp\/v2\/pages"}],"about":[{"href":"https:\/\/nirarte.com\/es\/wp-json\/wp\/v2\/types\/page"}],"author":[{"embeddable":true,"href":"https:\/\/nirarte.com\/es\/wp-json\/wp\/v2\/users\/1"}],"replies":[{"embeddable":true,"href":"https:\/\/nirarte.com\/es\/wp-json\/wp\/v2\/comments?post=3166"}],"version-history":[{"count":9,"href":"https:\/\/nirarte.com\/es\/wp-json\/wp\/v2\/pages\/3166\/revisions"}],"predecessor-version":[{"id":3311,"href":"https:\/\/nirarte.com\/es\/wp-json\/wp\/v2\/pages\/3166\/revisions\/3311"}],"wp:attachment":[{"href":"https:\/\/nirarte.com\/es\/wp-json\/wp\/v2\/media?parent=3166"}],"curies":[{"name":"wp","href":"https:\/\/api.w.org\/{rel}","templated":true}]}}