{"id":2288,"date":"2018-09-26T23:29:48","date_gmt":"2018-09-26T22:29:48","guid":{"rendered":"http:\/\/nirarte.com\/?page_id=2288"},"modified":"2020-06-25T17:55:45","modified_gmt":"2020-06-25T16:55:45","slug":"about","status":"publish","type":"page","link":"https:\/\/nirarte.com\/es\/about\/","title":{"rendered":"Acerca de"},"content":{"rendered":"<p>Al comienzo de mi vida pas\u00e9 mucho tiempo en la naturaleza, en el bosque. Esto me ense\u00f1\u00f3 a observar el curso de la naturaleza, lento pero implacable. Y en mi proceso art\u00edstico esta imagen de la naturaleza reaparece una y otra vez en una nueva forma invencible, incrustada en la esencia misma de los seres humanos y la sociedad. Las fuerzas del desarrollo que, a pesar de todos los problemas y traumas del colectivo humano, todav\u00eda le manda que se desarrolle de acuerdo con las mismas leyes de la evoluci\u00f3n.<\/p>\n<p>En el primer per\u00edodo de mi obra, me centr\u00e9 en estudiar la forma y su perfecci\u00f3n natural. A medida que iba desarrollandolo, el contenido me fascinaba cada vez m\u00e1s y m\u00e1s. \u00bfCu\u00e1les es su l\u00f3gica? \u00bfY cual es su movimiento complejo?<\/p>\n<p>As\u00ed fui puliendo mis m\u00e9todos de expresi\u00f3n sobre las cosas que causan la forma: su evoluci\u00f3n e interacci\u00f3n. La interacci\u00f3n y evoluci\u00f3n de los seres vivos aparecen muchas veces de alguna manera en mis obras. A veces incluso sin intenci\u00f3n, sin estar expl\u00edcitamente implicado.<\/p>\n<p>En mis obras busco el equilibrio, el sentido de armon\u00eda del mundo en el que hay lugar para todo. En mi comprensi\u00f3n, el material est\u00e1 entrelazado con lo espiritual, creciendo en \u00e9l juntos, forman una imagen completa del mundo.<\/p>\n<h1 style=\"text-align: center;\"><a href=\"http:\/\/nirarte.com\/es\/murals\/\">Murales<\/a><\/h1>\n<p><img decoding=\"async\" loading=\"lazy\" class=\"alignnone size-full wp-image-3158\" src=\"https:\/\/nirarte.com\/wp-content\/uploads\/2020\/06\/\u0434\u043b\u0438\u043d\u043d\u0430\u044f\u0441\u0435\u0440\u044b\u0439-min-1.jpg\" alt=\"\" width=\"1656\" height=\"737\" srcset=\"https:\/\/nirarte.com\/wp-content\/uploads\/2020\/06\/\u0434\u043b\u0438\u043d\u043d\u0430\u044f\u0441\u0435\u0440\u044b\u0439-min-1.jpg 1656w, https:\/\/nirarte.com\/wp-content\/uploads\/2020\/06\/\u0434\u043b\u0438\u043d\u043d\u0430\u044f\u0441\u0435\u0440\u044b\u0439-min-1-300x134.jpg 300w, https:\/\/nirarte.com\/wp-content\/uploads\/2020\/06\/\u0434\u043b\u0438\u043d\u043d\u0430\u044f\u0441\u0435\u0440\u044b\u0439-min-1-1024x456.jpg 1024w, https:\/\/nirarte.com\/wp-content\/uploads\/2020\/06\/\u0434\u043b\u0438\u043d\u043d\u0430\u044f\u0441\u0435\u0440\u044b\u0439-min-1-768x342.jpg 768w, https:\/\/nirarte.com\/wp-content\/uploads\/2020\/06\/\u0434\u043b\u0438\u043d\u043d\u0430\u044f\u0441\u0435\u0440\u044b\u0439-min-1-1536x684.jpg 1536w, https:\/\/nirarte.com\/wp-content\/uploads\/2020\/06\/\u0434\u043b\u0438\u043d\u043d\u0430\u044f\u0441\u0435\u0440\u044b\u0439-min-1-600x267.jpg 600w\" sizes=\"(max-width: 1656px) 100vw, 1656px\" \/><\/p>\n<p style=\"text-align: center;\">Creando y dise\u00f1ando proyectos de decoraci\u00f3n interior y exterior a escala en diferentes t\u00e9cnicas; acr\u00edlico, fresco y estuco.<\/p>\n<p style=\"text-align: center;\">Pintura de techos, paredes y otras superficies a mano.<\/p>\n<p style=\"text-align: center;\">Amplia experiencia de trabajo con clientes de diferentes pa\u00edses (India, Rusia, Ucrania, Finlandia y Espa\u00f1a) y tambi\u00e9n en diferentes estilos.<\/p>\n<p style=\"text-align: center;\">&nbsp;<\/p>\n<h1 style=\"text-align: center;\"><a href=\"http:\/\/nirarte.com\/es\/vtained-glass\/\">Vidrieras<\/a><\/h1>\n<p style=\"text-align: center;\">&nbsp;<\/p>\n<p style=\"text-align: center;\">T\u00e9cnica Tiffany de vidrio y t\u00e9cnica tradicional de vidrieras. Experiencia en t\u00e9cnica de fundici\u00f3n y formaci\u00f3n del vidrio.<\/p>\n<p style=\"text-align: center;\">Trabajo con esmalte. Cer\u00e1mica (formaci\u00f3n, sinterizaci\u00f3n cer\u00e1mica y pintura).<\/p>\n<p style=\"text-align: center;\">&nbsp;<\/p>\n<h1 style=\"text-align: center;\"><a href=\"http:\/\/nirarte.com\/es\/illustration-and-design\/\">Ilustraci\u00f3n y dise\u00f1o<\/a><\/h1>\n<p style=\"text-align: center;\">&nbsp;<\/p>\n<p style=\"text-align: center;\">Creaci\u00f3n de ilustraciones en una variedad de estilos y t\u00e9cnicas. Dise\u00f1o de libros infantiles, juegos y revistas.<\/p>\n<p style=\"text-align: center;\">Gran experiencia de dibujo en ilustraci\u00f3n a mano y con tableta gr\u00e1fica. Dominio de los programas CorelDRAW, Photoshop, Adobe Illustrator.<\/p>\n<p style=\"text-align: center;\">Destreza en modelado y dibujo 3D (3DsMax).<\/p>\n<p style=\"text-align: center;\">Artista especialista en dise\u00f1o de productos promocionales, amplia experiencia en \u0441reaci\u00f3n de identidad corporativa y publicidad exterior<\/p>\n<p style=\"text-align: center;\">(logotipos, tarjetas de visita, pancartas, calendarios, etc.)<\/p>\n<h1>&nbsp;<\/h1>\n<h1 style=\"text-align: center;\"><span style=\"color: #ff0000;\">Exposici\u00f3nes:<\/span><\/h1>\n<p style=\"text-align: center;\">2019. Pais Vasco, Deba.<br \/>\n50 Concurso de pintura al aire libre.<br \/>\nPrimer clasificado local.<\/p>\n<p style=\"text-align: center;\">2019. Ukrania, Kiev.<br \/>\nInternational Congress Center \u201cUkrainian House\u201d<br \/>\nExibition \u201cGimn Svitly\u201d<\/p>\n<p style=\"text-align: center;\">2019. Espa\u00f1a, Madrid.<br \/>\nLa Biblioteca P\u00fablica Municipal Eug\u00e9nio Tr\u00edas.<br \/>\nExibition \u201cEllas hablan\u201d<\/p>\n<p style=\"text-align: center;\">2018. Espa\u00f1a, Granada.<br \/>\nXIX Edici\u00f3n Premio de Pintura Joven<br \/>\nSala de exposiciones \u201cGran Capit\u00e1n\u201d<\/p>\n<p style=\"text-align: center;\">2018. Federaci\u00f3n de Rusia, Mosc\u00fa<br \/>\nGaleria \u201c\u201dExposici\u00f3n \u201cArt Diplomasy\u201d<\/p>\n<p style=\"text-align: center;\">2017. Federaci\u00f3n de Rusia, Sergiev Posad<br \/>\nGaler\u00eda \u201cArt Baza\u201dExibition \u201cPaz interior\u201d<\/p>\n<p style=\"text-align: center;\">2015. Ucrania, Jarkov, galeria \u201cBuzok\u201d<br \/>\nExposici\u00f3n \u201cTrypilski kazky\u201d<\/p>\n<p style=\"text-align: center;\">2014. Ucrania, Donetsk,<br \/>\nMuseo de Arte Regional de Donetsk<br \/>\nExposici\u00f3n ben\u00e9fica internacional de arte moderno \u201cArt action\u201d<\/p>\n<p style=\"text-align: center;\">2014. Ucrania, Jarkov,<br \/>\nAcademia Estatal de Dise\u00f1o y Artes de Kharkiv, Ermilov Center<br \/>\nProyecto de exposici\u00f3n \u201cCountrapunkt\u201d<\/p>\n<p style=\"text-align: center;\">2012. Ucrania, Jarkov,<br \/>\ngaleria \u201cBuzok\u201d<br \/>\nExposici\u00f3n \u201cTrypilskymy shlahamy\u201d<\/p>\n<p style=\"text-align: center;\">2011. Ucrania, Jarkov,<br \/>\ngaleria \u201cMaestro\u201d<br \/>\nExposici\u00f3n \u201cVid trypilla do sogodenna\u201d<\/p>\n<h2>&nbsp;<\/h2>\n<h2 style=\"text-align: center;\">Publications:<\/h2>\n<p style=\"text-align: center;\">2014. Ukraine,Donetsk,<br \/>\nCatalog of International charitable exhibition of modern art \u00abArt action\u00bb<\/p>\n<p style=\"text-align: center;\">2017.Finland, Helsinki.<br \/>\nMagazine \u00abGalleria\/ Kauniit kodit\u00bb<br \/>\nArticle, interview<\/p>\n<p style=\"text-align: center;\">2017. Finland, Helsinki.<br \/>\nMagazine \u00abAntikki &#038; design\u00bb<\/p>\n<p style=\"text-align: center;\">2018. Finland, Helsinki<br \/>\nMagazine \u201cRaitis.Fi\u201d<br \/>\nArticle, interview<\/p>\n","protected":false},"excerpt":{"rendered":"<p>Al comienzo de mi vida pas\u00e9 mucho tiempo en la naturaleza, en el bosque. Esto me ense\u00f1\u00f3 a observar el curso de la naturaleza, lento pero implacable. Y en mi proceso art\u00edstico esta imagen de la naturaleza reaparece una y otra vez en una nueva forma invencible, incrustada en la esencia misma de los seres<\/p>\n<div class=\"more-link\">\n\t\t\t\t <a href=\"https:\/\/nirarte.com\/es\/about\/\" class=\"theme-btn theme-btn-line hvr-bounce-to-right\">Read more<\/a>\n\t\t\t<\/div>\n","protected":false},"author":1,"featured_media":0,"parent":0,"menu_order":0,"comment_status":"closed","ping_status":"closed","template":"","meta":{"ngg_post_thumbnail":0},"_links":{"self":[{"href":"https:\/\/nirarte.com\/es\/wp-json\/wp\/v2\/pages\/2288"}],"collection":[{"href":"https:\/\/nirarte.com\/es\/wp-json\/wp\/v2\/pages"}],"about":[{"href":"https:\/\/nirarte.com\/es\/wp-json\/wp\/v2\/types\/page"}],"author":[{"embeddable":true,"href":"https:\/\/nirarte.com\/es\/wp-json\/wp\/v2\/users\/1"}],"replies":[{"embeddable":true,"href":"https:\/\/nirarte.com\/es\/wp-json\/wp\/v2\/comments?post=2288"}],"version-history":[{"count":86,"href":"https:\/\/nirarte.com\/es\/wp-json\/wp\/v2\/pages\/2288\/revisions"}],"predecessor-version":[{"id":3161,"href":"https:\/\/nirarte.com\/es\/wp-json\/wp\/v2\/pages\/2288\/revisions\/3161"}],"wp:attachment":[{"href":"https:\/\/nirarte.com\/es\/wp-json\/wp\/v2\/media?parent=2288"}],"curies":[{"name":"wp","href":"https:\/\/api.w.org\/{rel}","templated":true}]}}